{"id":169,"date":"2017-02-05T16:55:18","date_gmt":"2017-02-05T16:55:18","guid":{"rendered":"https:\/\/emaxa.hu\/?page_id=169"},"modified":"2020-11-23T21:23:42","modified_gmt":"2020-11-23T20:23:42","slug":"rolunk","status":"publish","type":"page","link":"https:\/\/emaxa.hu\/index.php\/hu\/rolunk\/","title":{"rendered":"R\u00f3lunk"},"content":{"rendered":"<div data-colibri-id=\"169-c1\" class=\"style-193 style-local-169-c1 position-relative\">\n  <!---->\n  <div data-colibri-component=\"section\" data-colibri-id=\"169-c2\" id=\"overlappable\" class=\"h-section h-section-global-spacing d-flex align-items-lg-center align-items-md-center align-items-center style-337 style-local-169-c2 position-relative\">\n    <!---->\n    <!---->\n    <div class=\"h-section-grid-container h-section-boxed-container\">\n      <!---->\n      <div data-colibri-id=\"169-c3\" class=\"h-row-container gutters-row-lg-0 gutters-row-md-0 gutters-row-2 gutters-row-v-lg-0 gutters-row-v-md-0 gutters-row-v-2 style-338 style-local-169-c3 position-relative\">\n        <!---->\n        <div class=\"h-row justify-content-lg-center justify-content-md-center justify-content-center align-items-lg-stretch align-items-md-stretch align-items-stretch gutters-col-lg-0 gutters-col-md-0 gutters-col-2 gutters-col-v-lg-0 gutters-col-v-md-0 gutters-col-v-2\">\n          <!---->\n          <div class=\"h-column h-column-container d-flex h-col-lg-4 h-col-md-4 h-col-12 style-339-outer style-local-169-c4-outer\">\n            <div data-colibri-id=\"169-c4\" class=\"d-flex h-flex-basis h-column__inner h-px-lg-3 h-px-md-3 h-px-2 v-inner-lg-3 v-inner-md-3 v-inner-2 style-339 style-local-169-c4 position-relative\">\n              <!---->\n              <!---->\n              <div class=\"w-100 h-y-container h-column__content h-column__v-align flex-basis-100 align-self-lg-start align-self-md-start align-self-start\">\n                <!---->\n                <div data-colibri-id=\"169-c5\" class=\"h-icon style-340 style-local-169-c5 position-relative h-element\">\n                  <!----><span class=\"h-svg-icon h-icon__icon style-340-icon style-local-169-c5-icon\"><!--Icon by Icons8 Line Awesome (https:\/\/icons8.com\/line-awesome)--><svg version=\"1.1\" xmlns=\"http:\/\/www.w3.org\/2000\/svg\" xmlns:xlink=\"http:\/\/www.w3.org\/1999\/xlink\" id=\"paper-plane\" viewBox=\"0 0 512 545.5\"><path d=\"M57.5 117.5L86 129l352 144 36.5 15-36.5 15L86 447l-28.5 11.5 7-30 31-140.5-31-140.5zm44.5 53L124.5 272h226zM124.5 304L102 405.5 350.5 304h-226z\"><\/path><\/svg><\/span><\/div>\n                <div\n                  data-colibri-id=\"169-c6\" class=\"h-global-transition-all h-heading style-341 style-local-169-c6 position-relative h-element\">\n                  <!---->\n                  <div class=\"h-heading__outer style-341 style-local-169-c6\">\n                    <!---->\n                    <!---->\n                    <h5 class=\"\">Megold\u00e1s mindenkinek<\/h5>\n                  <\/div>\n              <\/div>\n              <div data-colibri-id=\"169-c7\" class=\"h-text h-text-component style-342 style-local-169-c7 position-relative h-element\">\n                <!---->\n                <!---->\n                <div class=\"\">\n                  <p>Kisv\u00e1llalkoz\u00f3kt\u00f3l sokezer alkalmazottat foglalkoztat\u00f3 v\u00e1llalatokig.\n                    <br>\n                  <\/p>\n                <\/div>\n              <\/div>\n              <div data-colibri-id=\"169-c8\" class=\"style-499 style-local-169-c8 position-relative h-element\">\n                <!---->\n              <\/div>\n              <div data-colibri-id=\"169-c9\" class=\"h-x-container style-497 style-local-169-c9 position-relative h-element\">\n                <!---->\n                <div class=\"h-x-container-inner style-dynamic-169-c9-group style-497-spacing style-local-169-c9-spacing\"><span class=\"h-button__outer style-498-outer style-local-169-c10-outer d-inline-flex h-element\"><a h-use-smooth-scroll=\"true\" href=\"https:\/\/emaxa.hu\/index.php\/hu\/projektek\/\"  data-colibri-id=\"169-c10\" class=\"d-flex w-100 align-items-center h-button justify-content-lg-center justify-content-md-center justify-content-center style-498 style-local-169-c10 position-relative\"><!----><!----> <span>Projektek<\/span><\/a>\n                  <\/span>\n                <\/div>\n              <\/div>\n            <\/div>\n          <\/div>\n        <\/div>\n        <div class=\"h-column h-column-container d-flex h-col-lg-4 h-col-md-4 h-col-12 style-339-outer style-local-169-c11-outer\">\n          <div data-colibri-id=\"169-c11\" class=\"d-flex h-flex-basis h-column__inner h-px-lg-3 h-px-md-3 h-px-2 v-inner-lg-3 v-inner-md-3 v-inner-2 style-339 style-local-169-c11 position-relative\">\n            <!---->\n            <!---->\n            <div class=\"w-100 h-y-container h-column__content h-column__v-align flex-basis-100 align-self-lg-start align-self-md-start align-self-start\">\n              <!---->\n              <div data-colibri-id=\"169-c12\" class=\"h-icon style-340 style-local-169-c12 position-relative h-element\">\n                <!----><span class=\"h-svg-icon h-icon__icon style-340-icon style-local-169-c12-icon\"><!--Icon by Icons8 Line Awesome (https:\/\/icons8.com\/line-awesome)--><svg version=\"1.1\" xmlns=\"http:\/\/www.w3.org\/2000\/svg\" xmlns:xlink=\"http:\/\/www.w3.org\/1999\/xlink\" id=\"cubes\" viewBox=\"0 0 512 545.5\"><path d=\"M256 96l6 2.5 96 38.5 10 4v107.5l86.5 37.5 9.5 4.5v129l-8 5-96 53.5-7.5 4-7.5-3.5-89-44.5-89 44.5-7.5 3.5-7.5-4-96-53.5-8-5v-129l9.5-4.5 86.5-37.5V141l10-4 96-38.5zm0 35l-52.5 20.5L256 172l52.5-20.5zm-80 44v74l64 28.5v-78zm160 0l-64 24.5v78l64-28.5v-74zM160 277l-58 25 58 29 58-28.5zm192 0l-40 17.5-18 8 58 28.5 58-29zM80 326.5V401l64 36v-78.5zm352 0l-64 32V437l64-36v-74.5zm-192 1l-64 31V438l64-32v-78.5zm32 0V406l64 32v-79.5z\"><\/path><\/svg><\/span><\/div>\n              <div\n                data-colibri-id=\"169-c13\" class=\"h-global-transition-all h-heading style-341 style-local-169-c13 position-relative h-element\">\n                <!---->\n                <div class=\"h-heading__outer style-341 style-local-169-c13\">\n                  <!---->\n                  <!---->\n                  <h5 class=\"\">partnerek<\/h5>\n                <\/div>\n            <\/div>\n            <div data-colibri-id=\"169-c14\" class=\"h-text h-text-component style-342 style-local-169-c14 position-relative h-element\">\n              <!---->\n              <!---->\n              <div class=\"\">\n                <ul>\n                  <li>TCT<\/li>\n                  <li>QuantumBio<\/li>\n                  <li>ELTE<\/li>\n                  <li>INNOLOG Solutions Kft.<\/li>\n                  <li>Geometria Kft.<\/li>\n                  <li>Telenor\/T-com\/F\u0151g\u00e1z?\/ELM\u0170\/Allianz\/Aegon<\/li>\n                <\/ul>\n                <p>\n                  <br>\n                <\/p>\n              <\/div>\n            <\/div>\n          <\/div>\n        <\/div>\n      <\/div>\n      <div class=\"h-column h-column-container d-flex h-col-lg-4 h-col-md-4 h-col-12 style-339-outer style-local-169-c15-outer\">\n        <div data-colibri-id=\"169-c15\" class=\"d-flex h-flex-basis h-column__inner h-px-lg-3 h-px-md-3 h-px-2 v-inner-lg-3 v-inner-md-3 v-inner-2 style-339 style-local-169-c15 position-relative\">\n          <!---->\n          <!---->\n          <div class=\"w-100 h-y-container h-column__content h-column__v-align flex-basis-100 align-self-lg-start align-self-md-start align-self-start\">\n            <!---->\n            <div data-colibri-id=\"169-c16\" class=\"h-icon style-340 style-local-169-c16 position-relative h-element\">\n              <!----><span class=\"h-svg-icon h-icon__icon style-340-icon style-local-169-c16-icon\"><!--Icon by Icons8 Line Awesome (https:\/\/icons8.com\/line-awesome)--><svg version=\"1.1\" xmlns=\"http:\/\/www.w3.org\/2000\/svg\" xmlns:xlink=\"http:\/\/www.w3.org\/1999\/xlink\" id=\"area-chart\" viewBox=\"0 0 512 545.5\"><path d=\"M448 97v383H64V204.5l19 4 73 14.5 91-60.5 5.5-3.5 6 1 89.5 15 74-58zm-32 65.5l-54 42-5.5 4.5-7-1-90-15-90.5 60.5-5.5 3.5-6.5-1.5-61-12V309l62 25 89-59.5 6.5-4 7.5 2.5 87.5 29 67.5-53.5v-86zm0 127l-54 43-7 5.5-8-3-88-29.5-90 60-7 4.5-8-3-58-23v104h320V289.5z\"><\/path><\/svg><\/span><\/div>\n            <div\n              data-colibri-id=\"169-c17\" class=\"h-global-transition-all h-heading style-341 style-local-169-c17 position-relative h-element\">\n              <!---->\n              <div class=\"h-heading__outer style-341 style-local-169-c17\">\n                <!---->\n                <!---->\n                <h5 class=\"\"><\/h5>\n              <\/div>\n          <\/div>\n          <div data-colibri-id=\"169-c18\" class=\"h-text h-text-component style-342 style-local-169-c18 position-relative h-element\">\n            <!---->\n            <!---->\n            <div class=\"\">\n              <p>Szakter\u00fclet\u00fcnk az \u00fczleti optimaliz\u00e1l\u00e1s \u00e9s a matematikai modellez\u00e9s\/anal\u00edzis, amellyel t\u00f6bbek k\u00f6z\u00f6tt gy\u00e1rt\u00e1si m\u0171veleteket, tervezett prevent\u00edv karbantart\u00e1st, adatkezel\u00e9st, d\u00f6nt\u00e9sseg\u00edt\u00e9st, \u00fatvonal-optimaliz\u00e1l\u00e1st, valamint ell\u00e1t\u00f3 h\u00e1l\u00f3zatot\n                tuduk fejleszteni.<\/p>\n            <\/div>\n          <\/div>\n        <\/div>\n      <\/div>\n    <\/div>\n  <\/div>\n<\/div>\n<div data-colibri-id=\"169-c19\" class=\"h-row-container gutters-row-lg-2 gutters-row-md-2 gutters-row-0 gutters-row-v-lg-2 gutters-row-v-md-2 gutters-row-v-2 style-466 style-local-169-c19 position-relative\">\n  <!---->\n  <div class=\"h-row justify-content-lg-center justify-content-md-center justify-content-center align-items-lg-stretch align-items-md-stretch align-items-stretch gutters-col-lg-2 gutters-col-md-2 gutters-col-0 gutters-col-v-lg-2 gutters-col-v-md-2 gutters-col-v-2\">\n    <!---->\n    <div class=\"h-column h-column-container d-flex h-col-lg-auto h-col-md-auto h-col-auto style-467-outer style-local-169-c20-outer\">\n      <div data-colibri-id=\"169-c20\" class=\"d-flex h-flex-basis h-column__inner h-px-lg-2 h-px-md-2 h-px-2 v-inner-lg-2 v-inner-md-2 v-inner-2 style-467 style-local-169-c20 position-relative\">\n        <!---->\n        <!---->\n        <div class=\"w-100 h-y-container h-column__content h-column__v-align flex-basis-100 align-self-lg-start align-self-md-start align-self-start\">\n          <!---->\n          <div data-colibri-id=\"169-c21\" class=\"d-block style-475 style-local-169-c21 position-relative h-element\">\n            <!---->\n            <div class=\"h-image__frame-container-outer\">\n              <a href=\"https:\/\/emaxa.hu\/index.php\/hu\/tct-wpcp\/\" h-use-smooth-scroll=\"true\" class=\"image-link\">\n                <div class=\"h-image__frame-container\">\n                  <!---->\n                  <!---->\n                  <img loading=\"lazy\" width=\"319\" height=\"224\" src=\"https:\/\/emaxa.hu\/wp-content\/uploads\/2020\/10\/infoblock_ERFA_hu.png\" class=\"wp-image-604 style-475-image style-local-169-c21-image\" srcset=\"https:\/\/emaxa.hu\/wp-content\/uploads\/2020\/10\/infoblock_ERFA_hu.png 319w, https:\/\/emaxa.hu\/wp-content\/uploads\/2020\/10\/infoblock_ERFA_hu-300x211.png 300w\" sizes=\"(max-width: 319px) 100vw, 319px\" alt=\"\" \/>\n                  <div class=\"h-image__frame h-hide-lg h-hide-md h-hide-sm style-475-frameImage style-local-169-c21-frameImage\"><\/div>\n                <\/div>\n              <\/a>\n            <\/div>\n          <\/div>\n        <\/div>\n      <\/div>\n    <\/div>\n  <\/div>\n<\/div>\n<\/div>\n<\/div>\n<div data-colibri-component=\"section\" data-colibri-id=\"169-c22\" id=\"contact\" class=\"h-section h-section-global-spacing d-flex align-items-lg-center align-items-md-center align-items-center style-345 style-local-169-c22 position-relative\">\n  <div class=\"background-wrapper\">\n    <div class=\"background-layer background-layer-media-container-lg\">\n      <!---->\n      <div class=\"overlay-layer\">\n        <div class=\"overlay-image-layer\" style=\"background-color: rgb(23, 37, 42); opacity: 0.5;\"><\/div>\n      <\/div>\n    <\/div>\n    <div class=\"background-layer background-layer-media-container-md\">\n      <!---->\n      <div class=\"overlay-layer\">\n        <div class=\"overlay-image-layer\" style=\"background-color: rgb(23, 37, 42); opacity: 0.5;\"><\/div>\n      <\/div>\n    <\/div>\n    <div class=\"background-layer background-layer-media-container\">\n      <!---->\n      <div class=\"overlay-layer\">\n        <div class=\"overlay-image-layer\" style=\"background-color: rgb(23, 37, 42); opacity: 0.5;\"><\/div>\n      <\/div>\n    <\/div>\n  <\/div>\n  <!---->\n  <div class=\"h-section-grid-container h-section-boxed-container\">\n    <!---->\n    <div data-colibri-id=\"169-c23\" class=\"h-row-container gutters-row-lg-1 gutters-row-md-1 gutters-row-0 gutters-row-v-lg-1 gutters-row-v-md-1 gutters-row-v-1 style-348 style-local-169-c23 position-relative\">\n      <!---->\n      <div class=\"h-row justify-content-lg-center justify-content-md-center justify-content-center align-items-lg-stretch align-items-md-stretch align-items-stretch gutters-col-lg-1 gutters-col-md-1 gutters-col-0 gutters-col-v-lg-1 gutters-col-v-md-1 gutters-col-v-1\">\n        <!---->\n        <div class=\"h-column h-column-container d-flex h-col-lg-auto h-col-md-auto h-col-auto style-349-outer style-local-169-c24-outer\">\n          <div data-colibri-id=\"169-c24\" class=\"d-flex h-flex-basis h-column__inner h-px-lg-0 h-px-md-0 h-px-0 v-inner-lg-0 v-inner-md-0 v-inner-0 style-349 style-local-169-c24 position-relative\">\n            <!---->\n            <!---->\n            <div class=\"w-100 h-y-container h-column__content h-column__v-align flex-basis-100 align-self-lg-center align-self-md-center align-self-center\">\n              <!---->\n              <div data-colibri-id=\"169-c25\" class=\"h-global-transition-all h-heading style-350 style-local-169-c25 position-relative h-element\">\n                <!---->\n                <div class=\"h-heading__outer style-350 style-local-169-c25\">\n                  <!---->\n                  <!---->\n                  <h4 class=\"\">El\u00e9rhet\u0151s\u00e9g\u00fcnk<\/h4>\n                <\/div>\n              <\/div>\n              <div data-colibri-id=\"169-c26\" class=\"style-353 style-local-169-c26 position-relative h-element\">\n                <!---->\n                <div class=\"d-flex flex-wrap h-social-icons justify-content-lg-center justify-content-md-center justify-content-center\">\n                  <div class=\"social-icon-container d-inline-flex\">\n                    <div class=\"icon-container h-social-icon h-global-transition\">\n                      <div class=\"h-icon-svg\" style=\"width: 100%; height: 100%;\">\n                        <!--Icon by Socicon (http:\/\/www.socicon.com)-->\n                        <svg version=\"1.1\" xmlns=\"http:\/\/www.w3.org\/2000\/svg\" viewBox=\"0 0 1500 1500\">\n\n                          <path d=\"M799.805 922.852c-14.648 11.719-32.227 20.508-49.805 20.508s-35.156-8.789-49.805-20.508l-700.195-571.289v899.414h1500v-899.414zM750 750c14.648 0 29.297-5.859 41.016-14.648l594.727-486.328h-1271.484l594.727 486.328c11.719 8.789 26.367 14.648 41.016 14.648z\"><\/path>\n                        <\/svg>\n                      <\/div>\n                    <\/div>\n                  <\/div>\n                <\/div>\n              <\/div>\n            <\/div>\n          <\/div>\n        <\/div>\n        <div class=\"h-column h-column-container d-flex h-col-lg-auto h-col-md-auto h-col-auto style-364-outer style-local-169-c27-outer\">\n          <div data-colibri-id=\"169-c27\" class=\"d-flex h-flex-basis h-column__inner h-px-lg-2 h-px-md-2 h-px-2 v-inner-lg-2 v-inner-md-2 v-inner-2 style-364 style-local-169-c27 position-relative\">\n            <!---->\n            <!---->\n            <div class=\"w-100 h-y-container h-column__content h-column__v-align flex-basis-100 align-self-lg-center align-self-md-center align-self-center\">\n              <!---->\n              <div data-colibri-id=\"169-c28\" class=\"h-text h-text-component style-366 style-local-169-c28 position-relative h-element\">\n                <!---->\n                <!---->\n                <div class=\"\">\n                  <p>E-mail: info@emaxa.hu<\/p>\n                  <p>Telefon: +36 30 568 1975\n                    <br>\n                  <\/p>\n                <\/div>\n              <\/div>\n            <\/div>\n          <\/div>\n        <\/div>\n      <\/div>\n    <\/div>\n  <\/div>\n<\/div>\n<\/div>","protected":false},"excerpt":{"rendered":"<p>Megold\u00e1s mindenkinek Kisv\u00e1llalkoz\u00f3kt\u00f3l sokezer alkalmazottat foglalkoztat\u00f3 v\u00e1llalatokig. Projektek partnerek TCT QuantumBio ELTE INNOLOG Solutions Kft. Geometria Kft. Telenor\/T-com\/F\u0151g\u00e1z?\/ELM\u0170\/Allianz\/Aegon Szakter\u00fclet\u00fcnk az \u00fczleti optimaliz\u00e1l\u00e1s \u00e9s a matematikai modellez\u00e9s\/anal\u00edzis, amellyel t\u00f6bbek k\u00f6z\u00f6tt gy\u00e1rt\u00e1si m\u0171veleteket, tervezett prevent\u00edv karbantart\u00e1st, adatkezel\u00e9st, d\u00f6nt\u00e9sseg\u00edt\u00e9st, \u00fatvonal-optimaliz\u00e1l\u00e1st, valamint ell\u00e1t\u00f3 h\u00e1l\u00f3zatot tuduk fejleszteni. El\u00e9rhet\u0151s\u00e9g\u00fcnk E-mail: info@emaxa.hu Telefon: +36 30 568 1975<\/p>\n","protected":false},"author":4,"featured_media":0,"parent":0,"menu_order":0,"comment_status":"closed","ping_status":"closed","template":"page-templates\/full-width-page.php","meta":{"kt_blocks_editor_width":""},"_links":{"self":[{"href":"https:\/\/emaxa.hu\/index.php\/wp-json\/wp\/v2\/pages\/169"}],"collection":[{"href":"https:\/\/emaxa.hu\/index.php\/wp-json\/wp\/v2\/pages"}],"about":[{"href":"https:\/\/emaxa.hu\/index.php\/wp-json\/wp\/v2\/types\/page"}],"author":[{"embeddable":true,"href":"https:\/\/emaxa.hu\/index.php\/wp-json\/wp\/v2\/users\/4"}],"replies":[{"embeddable":true,"href":"https:\/\/emaxa.hu\/index.php\/wp-json\/wp\/v2\/comments?post=169"}],"version-history":[{"count":20,"href":"https:\/\/emaxa.hu\/index.php\/wp-json\/wp\/v2\/pages\/169\/revisions"}],"predecessor-version":[{"id":814,"href":"https:\/\/emaxa.hu\/index.php\/wp-json\/wp\/v2\/pages\/169\/revisions\/814"}],"wp:attachment":[{"href":"https:\/\/emaxa.hu\/index.php\/wp-json\/wp\/v2\/media?parent=169"}],"curies":[{"name":"wp","href":"https:\/\/api.w.org\/{rel}","templated":true}]}}