{"id":615,"date":"2020-10-15T23:03:19","date_gmt":"2020-10-15T21:03:19","guid":{"rendered":"https:\/\/emaxa.hu\/?page_id=615"},"modified":"2020-10-17T11:51:48","modified_gmt":"2020-10-17T09:51:48","slug":"tct-wpcp","status":"publish","type":"page","link":"https:\/\/emaxa.hu\/index.php\/hu\/tct-wpcp\/","title":{"rendered":"TCT WPCP (workload prediction and capacity planning) rendszer fejleszt\u00e9se"},"content":{"rendered":"<div data-colibri-id=\"615-c1\" class=\"style-476 style-local-615-c1 position-relative\">\n  <!---->\n  <div data-colibri-component=\"section\" data-colibri-id=\"615-c2\" id=\"custom\" class=\"h-section h-section-global-spacing d-flex align-items-lg-center align-items-md-center align-items-center style-477 style-local-615-c2 position-relative\">\n    <!---->\n    <!---->\n    <div class=\"h-section-grid-container h-section-boxed-container\">\n      <!---->\n      <div data-colibri-id=\"615-c3\" class=\"h-row-container gutters-row-lg-2 gutters-row-md-2 gutters-row-0 gutters-row-v-lg-2 gutters-row-v-md-2 gutters-row-v-2 style-482 style-local-615-c3 position-relative\">\n        <!---->\n        <div class=\"h-row justify-content-lg-center justify-content-md-center justify-content-center align-items-lg-stretch align-items-md-stretch align-items-stretch gutters-col-lg-2 gutters-col-md-2 gutters-col-0 gutters-col-v-lg-2 gutters-col-v-md-2 gutters-col-v-2\">\n          <!---->\n          <div class=\"h-column h-column-container d-flex h-col-lg-auto h-col-md-auto h-col-auto style-483-outer style-local-615-c4-outer\">\n            <div data-colibri-id=\"615-c4\" class=\"d-flex h-flex-basis h-column__inner h-px-lg-2 h-px-md-2 h-px-2 v-inner-lg-2 v-inner-md-2 v-inner-2 style-483 style-local-615-c4 position-relative\">\n              <!---->\n              <!---->\n              <div class=\"w-100 h-y-container h-column__content h-column__v-align flex-basis-100 align-self-lg-start align-self-md-start align-self-start\">\n                <!---->\n                <div data-colibri-id=\"615-c5\" class=\"h-text h-text-component style-484 style-local-615-c5 position-relative h-element\">\n                  <!---->\n                  <!---->\n                  <div class=\"\">\n                    <h6>A kedvezm\u00e9nyezett neve:<\/h6>\n                    <p>EMAXA HUNGARY KERESKEDELMI \u00c9S SZOLG\u00c1LTAT\u00d3 KFT.<\/p>\n                    <h6>A projekt c\u00edme:<\/h6>\n                    <p>EMAXA WPCP (WORKLOAD PREDICTION AND CAPACITY PLANNING) RENDSZER FEJLESZT\u00c9SE<\/p>\n                    <h6>A szerz\u0151d\u00f6tt t\u00e1mogat\u00e1s \u00f6sszege:<\/h6>\n                    <h4>140,26 MILLI\u00d3 FORINT<\/h4>\n                    <p>\n                      <br>\n                    <\/p>\n                  <\/div>\n                <\/div>\n                <div data-colibri-id=\"615-c6\" class=\"h-text h-text-component style-485 style-local-615-c6 position-relative h-element\">\n                  <!---->\n                  <!---->\n                  <div class=\"\">\n                    <h6>A projekt tartalm\u00e1nak bemutat\u00e1sa:<\/h6>\n                    <p>A tervezett projekt olyan v\u00e1llalati probl\u00e9m\u00e1k megold\u00e1s\u00e1t c\u00e9lozza, amelyek nem kiz\u00e1r\u00f3lag a hazai v\u00e1llalkoz\u00e1sok saj\u00e1toss\u00e1ga, hanem b\u00e1rmely orsz\u00e1gban b\u00e1rmely v\u00e1llalat \u00fcgymenet\u00e9nek saj\u00e1toss\u00e1ga. Ennek megfelel\u0151en egy ilyen \u00e1ltal\u00e1nos \u00fczleti\n                      probl\u00e9m\u00e1ra, mint az eseti, lok\u00e1lis kapacit\u00e1s probl\u00e9m\u00e1k felold\u00e1s\u00e1ra adott megold\u00e1s jelent\u0151s\u00e9ge is nemzetk\u00f6zi szinten \u00e9rtelmezhet\u0151. A havaria helyzetek \u00e9s m\u00e1s kapacit\u00e1s probl\u00e9m\u00e1k kezel\u00e9se b\u00e1rmely nagyobb szervezet sz\u00e1m\u00e1ra komoly kih\u00edv\u00e1st\n                      jelent. A tervezett megold\u00e1s els\u0151sorban a szolg\u00e1ltat\u00f3 szektorban megjelen\u0151 kapacit\u00e1sprobl\u00e9m\u00e1k kezel\u00e9s\u00e9hez k\u00edn\u00e1l hat\u00e9kony seg\u00edts\u00e9get, ahol az ilyen probl\u00e9m\u00e1k \u00f6sszetett szempontrendszer melletti optimaliz\u00e1l\u00e1ssal kezelhet\u0151. Az szolg\u00e1ltat\u00f3\n                      szektor ilyen helyzetekben leadott teljes\u00edtm\u00e9ny\u00e9t az alkalmazott hum\u00e1n er\u0151forr\u00e1s optim\u00e1lis felhaszn\u00e1l\u00e1sa, a feladatok megfelel\u0151 hat\u00e9konys\u00e1g\u00fa \u00e9s gyorsas\u00e1g\u00fa ter\u00edt\u00e9se hat\u00e1rozza meg. A tervezett WPCP rendszer jelent\u0151s \u00fajdons\u00e1gtartalommal\n                      b\u00edr \u00f6nmag\u00e1ban a feladat kioszt\u00e1s optimaliz\u00e1l\u00e1sa ter\u00fclet\u00e9n, hiszen: &#8211; Predikci\u00f3ra \u00e9s kock\u00e1zat elemz\u00e9sre \u00e9p\u00fcl, azaz a rendszer seg\u00edts\u00e9g\u00e9vel az eszkal\u00e1ci\u00f3s folyamat korai szakasz\u00e1ban megkezdhet\u0151 a felk\u00e9sz\u00fcl\u00e9s \u00e9s a megfelel\u0151 v\u00e9szforgat\u00f3k\u00f6nyvek\n                      alkalmaz\u00e1sa, az ott meghat\u00e1rozott int\u00e9zked\u00e9si terv v\u00e9grehajt\u00e1sa &#8211; A szervezet eg\u00e9sz\u00e9re \u00e9p\u00fcl\u0151 megold\u00e1s, amelynek seg\u00edts\u00e9g\u00e9vel \u00f6sszetett reakci\u00f3 mechanizmusok alak\u00edthat\u00f3k ki a probl\u00e9ma eszkal\u00e1ci\u00f3 sor\u00e1n, \u00edgy a minim\u00e1lis service level\n                      nagyon sz\u00e9ls\u0151s\u00e9ges lefoly\u00e1s\u00fa kapacit\u00e1s probl\u00e9m\u00e1k \u00e9s havaria esem\u00e9nyek kapcs\u00e1n is fenntarthat\u00f3, elker\u00fclhet\u0151 a szolg\u00e1ltat\u00e1s teljes \u00f6sszeoml\u00e1sa &#8211; K\u00e9pes a dinamikus tervez\u00e9sre \u00e9s \u00fajratervez\u00e9sre, a lok\u00e1lis \u00fajratervez\u00e9sre, amikor a kor\u00e1bbi\n                      er\u0151forr\u00e1s allok\u00e1ci\u00f3 egy adott r\u00e9sz\u00e9re t\u00f6rt\u00e9nik a feladat leoszt\u00e1s &#8211; K\u00e9pes az interakt\u00edv tervez\u00e9sre, \u00edgy a v\u00e1ltoz\u00f3 k\u00f6r\u00fclm\u00e9nyekhez adapt\u00e1l\u00f3dik az er\u0151forr\u00e1s beoszt\u00e1s, amelynek seg\u00edts\u00e9g\u00e9vel az eszkal\u00e1l\u00f3d\u00f3 esem\u00e9nyek dinamikusan kezelhet\u0151k,\n                      n\u00f6velve a szervezet alkalmazkod\u00f3 k\u00e9pess\u00e9g\u00e9t \u00d6sszess\u00e9g\u00e9ben a WPCP rendszer egy nagy innov\u00e1ci\u00f3 tartalm\u00fa \u00fczleti intelligencia rendszer, amelynek seg\u00edts\u00e9g\u00e9vel a gazdas\u00e1gi \u00e9letben viszonylag ritk\u00e1n el\u0151fordul\u00f3, de a szervezetre, v\u00e1llalatra\n                      igen nagy hat\u00e1ssal b\u00edr\u00f3 helyzetek v\u00e1lnak jelent\u0151s m\u00e9rt\u00e9kben kezelhet\u0151bb\u00e9, tervezhet\u0151v\u00e9, m\u00edg a lok\u00e1lis, vagy kisebb kapacit\u00e1sprobl\u00e9m\u00e1k egy jobb glob\u00e1lis optimumon oldhat\u00f3k fel biztos\u00edtva az optim\u00e1lis kapacit\u00e1s gazd\u00e1lkod\u00e1st nagy szervezetek\n                      eset\u00e9n is.<\/p>\n                    <p>A projekt keretei k\u00f6z\u00f6tt egy\u00e9rtelm\u0171en kijelenthet\u0151, hogy \u00faj, a gyakorlatban is hasznos\u00edthat\u00f3 szellemi alkot\u00e1st, \u00faj tudom\u00e1nyos m\u0171szaki eredm\u00e9nyt hozunk l\u00e9tre az al\u00e1bbiak szerint: &#8211; Dinamikus kock\u00e1zatelemz\u00e9si megold\u00e1s: A tervezett megold\u00e1s\n                      jelent\u0151s \u00fajdons\u00e1gtartalma m\u00e1s elemz\u0151 eszk\u00f6z\u00f6kh\u00f6z k\u00e9pest annak folyamatba \u00e9p\u00edtett jellege adja. A ma jellemz\u0151 kock\u00e1zatelemz\u00e9si rendszerek jellemz\u0151en a m\u00faltbeli adatok vizsg\u00e1lat\u00e1n alapulnak tiszt\u00e1n \u00e9s statikus megold\u00e1sok, amelyek c\u00e9lja\n                      \u00e9s feladata, hogy alkalmat adjanak a m\u00falt jelens\u00e9geinek meg\u00e9rt\u00e9s\u00e9re \u00e9s azokb\u00f3l a j\u00f6v\u0151beni jobb d\u00f6nt\u00e9sek megalapoz\u00e1s\u00e1ra. A WPCP rendszer l\u00e9nyege, hogy a kock\u00e1zatelemz\u00e9st dinamiz\u00e1ljuk \u00e9s be\u00e9p\u00edtj\u00fck a v\u00e1llalati inform\u00e1ci\u00f3s rendszer k\u00f6rnyezetbe\n                      megfelel\u0151 riaszt\u00e1si pontokat gener\u00e1lva, \u00edgy a kapacit\u00e1s probl\u00e9m\u00e1k kialakul\u00e1s\u00e1nak k\u00f6r\u00fclm\u00e9nyei hamarabb felismerhet\u0151k, amelynek seg\u00edts\u00e9g\u00e9vel azok kezel\u00e9se is id\u0151ben megkezdhet\u0151. &#8211; Kock\u00e1zatelemz\u00e9sre \u00e9p\u00fcl\u0151 kombin\u00e1lt predikci\u00f3s logika:\n                      A WPCP rendszerben a kock\u00e1zatelemz\u00e9si k\u00e9pess\u00e9g t\u00e1mogat\u00e1s\u00e1ra \u00e9s a kialakul\u00f3 probl\u00e9m\u00e1k lehet\u0151 legkor\u00e1bbi felismer\u00e9se \u00e9rdek\u00e9ben nem puszt\u00e1n a t\u00e9nyanyagra t\u00e1maszkodunk, hanem a t\u00e9nyanyag adapt\u00edv feldolgoz\u00e1s\u00e1val \u00e9s eszkal\u00e1ci\u00f3s alternat\u00edv\u00e1kat\n                      felm\u00e9r\u0151 predikci\u00f3s k\u00e9pess\u00e9ggel eg\u00e9sz\u00edtj\u00fck a rendszert. Ez az iterat\u00edv m\u00f3don fel\u00e9p\u00fcl\u0151 szimul\u00e1ci\u00f3s technika seg\u00edts\u00e9g\u00e9vel v\u00e1rhat\u00f3an hat\u00e9konyabban \u00e9rhet\u0151k tetten az eszkal\u00e1ci\u00f3s folyamatok, azok aktu\u00e1lis szakaszai \u00e9s v\u00e1rhat\u00f3 lefoly\u00e1sa.\n                      A predikci\u00f3s k\u00e9pess\u00e9g pontos\u00edtja az adatb\u00e1ny\u00e1szati eszk\u00f6z\u00f6kre \u00e9p\u00edtett kock\u00e1zatelemz\u00e9st \u00e9s a riaszt\u00e1si pontokat id\u0151ben j\u00f3val kor\u00e1bbi st\u00e1diumban teszi el\u00e9rhet\u0151v\u00e9. &#8211; \u00d6ntanul\u00f3, adapt\u00edv predikci\u00f3s elj\u00e1r\u00e1sok: A projekt keretei k\u00f6z\u00f6tt a\n                      predikci\u00f3s logika kialak\u00edt\u00e1sa sor\u00e1n fontos elem az adapt\u00e1ci\u00f3s, \u00f6ntanul\u00f3 k\u00e9pess\u00e9g. Ennek l\u00e9nyege, hogy az adott szervezetn\u00e9l t\u00f6rt\u00e9n\u0151 alkalmaz\u00e1s sor\u00e1n a kor\u00e1bbi tapasztalatok egy tanul\u00e1si folyamat sor\u00e1n r\u00f6gz\u00fclnek a rendszerben, amely\n                      tov\u00e1bb pontos\u00edtja \u00e9s testre szabja annak m\u0171k\u00f6d\u00e9s\u00e9t a helyi ig\u00e9nyeknek \u00e9s k\u00f6rnyezetnek megfelel\u0151en. Ez a k\u00e9pess\u00e9g fontos eleme a rendszer alkalmazkod\u00f3k\u00e9pess\u00e9g\u00e9nek is, hiszen a gazdas\u00e1gi \u00e9letben, a v\u00e1ltoz\u00f3 \u00fczleti k\u00f6rnyezetben a kapacit\u00e1s\n                      probl\u00e9m\u00e1k k\u00f6re, \u00f6sszet\u00e9tele, eszkal\u00e1ci\u00f3juk jellege nagy v\u00e1ltozatoss\u00e1got \u00e9s v\u00e1ltoz\u00e9konys\u00e1got mutat. &#8211; Folyamatba \u00e9p\u00edtett feladat\u00fctemez\u00e9si optimaliz\u00e1l\u00e1s eszkal\u00e1l\u00f3d\u00f3 kapacit\u00e1s probl\u00e9m\u00e1k kezel\u00e9s\u00e9re: Az eszkal\u00e1l\u00f3d\u00f3 kapacit\u00e1s probl\u00e9m\u00e1k\n                      kezel\u00e9s\u00e9nek eszk\u00f6ze a szervezeten bel\u00fcl a bevonhat\u00f3, m\u00e1s ter\u00fcletekr\u0151l elvonhat\u00f3 er\u0151forr\u00e1sok megfelel\u0151, ir\u00e1ny\u00edtott \u00e9s tervezett felhaszn\u00e1l\u00e1sa. B\u00e1rmely szervezet eset\u00e9n lehet\u0151s\u00e9g van ezen ad hoc er\u0151forr\u00e1s-\u00e1tcsoportos\u00edt\u00e1sok tervez\u00e9s\u00e9re\n                      megfelel\u0151 eszkal\u00e1ci\u00f3s forgat\u00f3k\u00f6nyvek ment\u00e9n. A WPCP rendszer \u00fajdons\u00e1ga ezen a ter\u00fcleten, hogy erre a speci\u00e1lis helyzetre egy optimaliz\u00e1lt feladat\u00fctemez\u00e9si megold\u00e1st k\u00edn\u00e1l, amely hat\u00e9konyan k\u00e9pes be\u00e9p\u00fclni b\u00e1rmely szervezet m\u0171k\u00f6d\u00e9s\u00e9be.\n                      A tervezett megold\u00e1s \u00fajdons\u00e1gtartalm\u00e1t az adja, hogy egy nagyon gyorsan v\u00e1ltoz\u00f3 \u00e9s a historikus adatokb\u00f3l nehezen el\u0151re jelezhet\u0151, olyan m\u0171k\u00f6d\u00e9si k\u00f6rnyezetben v\u00e9gez er\u0151forr\u00e1s-optimaliz\u00e1l\u00e1st, amelyben gyakorlatilag minden param\u00e9ter,\n                      ak\u00e1r az optimaliz\u00e1l\u00e1s el\u0151\u00edrt c\u00e9lf\u00fcggv\u00e9nye is dinamikusan v\u00e1ltozhat. &#8211; Elosztott m\u0171k\u00f6d\u00e9s\u0171 optimaliz\u00e1l\u00e1si \u00e9s predikci\u00f3s engine: A tervezett megold\u00e1s speci\u00e1lis \u00fajdons\u00e1gtartalma, hogy korszer\u0171 ICT rendszerekkel szemben t\u00e1masztott k\u00f6vetelm\u00e9nyeknek\n                      megfelel\u0151en nem csak \u00fa non premises m\u0171k\u00f6d\u00e9st, hanem a cloud megold\u00e1sok saj\u00e1tjak\u00e9nt megjelen\u0151 elosztott m\u0171k\u00f6d\u00e9si verzi\u00f3t is kialak\u00edtunk a projekt keretei k\u00f6z\u00f6tt.<\/p>\n                    <p>A tervezett megold\u00e1s c\u00e9lcsoportja egy\u00e9rtelm\u0171en a szolg\u00e1ltat\u00f3 szektor, mivel ezen a ter\u00fcleten alkalmazhat\u00f3 a leghat\u00e9konyabban az az \u00f6sszetett er\u0151forr\u00e1s optimaliz\u00e1l\u00e1si logika, amelyet kialak\u00edtunk, illetve itt jelentkeznek azok az el\u0151re\n                      nem l\u00e1that\u00f3 kapacit\u00e1s probl\u00e9m\u00e1k, amelyek megold\u00e1s\u00e1ra a rendszer alkalmas. M\u00e1s ipar\u00e1gakban, legyen sz\u00f3 logisztik\u00e1r\u00f3l agr\u00e1riumr\u00f3l, vagy a feldolgoz\u00f3iparr\u00f3l a kapacit\u00e1sok mennyis\u00e9gben \u00e9s min\u0151s\u00e9gben jellemz\u0151en k\u00f6t\u00f6ttek, nem rendelkeznek\n                      akkora rugalmass\u00e1ggal, mint a szolg\u00e1ltat\u00e1si szektor er\u0151forr\u00e1s ig\u00e9ny\u00e9nek gerinc\u00e9t ad\u00f3 hum\u00e1n er\u0151forr\u00e1s kapacit\u00e1sok, mik\u00f6zben a kapacit\u00e1sok lek\u00f6t\u00e9se is jellemz\u0151en menedzsment keret\u00e9ben t\u00f6rt\u00e9nik, jellemz\u0151en a realiz\u00e1lt megrendel\u00e9seknek\n                      \u00e9ppen a kapacit\u00e1s a korl\u00e1tja, \u00edgy a rendes m\u0171k\u00f6d\u00e9s keretei k\u00f6z\u00f6tt nem alakulnak ki eszkal\u00e1ci\u00f3s probl\u00e9m\u00e1k, a kapacit\u00e1s probl\u00e9m\u00e1k rendszerint valamilyen menedzsment, vagy v\u00e9grehajt\u00e1si hiba eredm\u00e9nyei. A szolg\u00e1ltat\u00f3 szektor mellett\n                      potenci\u00e1lis c\u00e9lcsoportot jelent a k\u00f6zszolg\u00e1ltat\u00e1sok k\u00f6re, legyen sz\u00f3 p\u00e9ld\u00e1ul az eg\u00e9szs\u00e9g\u00fcgyi \u00e9s s\u00fcrg\u0151ss\u00e9gi betegell\u00e1t\u00e1sr\u00f3l, k\u00f6zbiztons\u00e1gr\u00f3l vagy katasztr\u00f3fa v\u00e9delemr\u0151l, s\u0151t adott esetben honv\u00e9delmi feladatokr\u00f3l. Tekintettel a konzorciumvezet\u0151\n                      TcT Hungary Kft. \u00fcgyf\u00e9lk\u00f6r\u00e9re ezek v\u00e1rhat\u00f3an m\u00e1sodlagos c\u00e9lcsoportot tudnak k\u00e9pezni, de nem z\u00e1rjuk ki ilyen ir\u00e1ny\u00fa rollout lehet\u0151s\u00e9g\u00e9t is. A rendszer els\u0151dleges c\u00e9lcsoportja ennek megfelel\u0151en a szolg\u00e1ltat\u00f3 szektor, ahol a konzorciumvezet\u0151\n                      \u00fcgyf\u00e9lszolg\u00e1lati rendszereinek k\u00f6sz\u00f6nhet\u0151en er\u0151s poz\u00edci\u00f3kkal rendelkezik a hazai piacon \u00e9s a v\u00e1llalkoz\u00e1s k\u00fclf\u00f6ldi le\u00e1nyv\u00e1llalatai is jelent\u0151s eredm\u00e9nyeket tudnak felmutatni a ter\u00fcleten. A szolg\u00e1ltat\u00f3 szektoron bel\u00fcl is els\u0151sorban\n                      a k\u00f6vetkez\u0151 r\u00e9szter\u00fcleteken tervez\u00fcnk a term\u00e9kkel megjelenni: &#8211; Bankszektor \u00e9s p\u00e9nz\u00fcgyi szolg\u00e1ltat\u00f3k: Egy-egy kamp\u00e1ny, vagy k\u00fcls\u0151 esem\u00e9ny induk\u00e1lhat olyan helyzetet, amely kapacit\u00e1sprobl\u00e9m\u00e1kat id\u00e9zhet el\u0151 a szervezetben. Klasszikus\n                      esete a szerencs\u00e9re Magyarorsz\u00e1gon kev\u00e9sb\u00e9 gyakori bankp\u00e1nik. &#8211; Biztos\u00edt\u00e1si szektor: Nagy m\u00e9ret\u0171 \u00fcgyf\u00e9lk\u00f6rt kiszolg\u00e1l\u00f3 szektor, ahol k\u00fcl\u00f6n\u00f6sen orsz\u00e1gos jelent\u0151s\u00e9g\u0171 k\u00e1resem\u00e9nyek, katasztr\u00f3fa helyzetek eset\u00e9n (Pl.: orsz\u00e1gos viharok,\n                      \u00e1rvizek, stb.) hirtelen t\u00f6megess\u00e9 v\u00e1lik a szervezetek terhel\u00e9se. &#8211; Telekommunik\u00e1ci\u00f3s szektor: A szektorban el\u0151fordulnak havaria esem\u00e9nyek, amikor valamilyen k\u00fcls\u0151, vagy bels\u0151 okb\u00f3l t\u00f6meges szolg\u00e1ltat\u00e1s kies\u00e9s tapasztalhat\u00f3. Ezek\n                      az esetek okozhatnak az \u00fcgyf\u00e9lmegkeres\u00e9sek ter\u00fclet\u00e9n kapacit\u00e1sprobl\u00e9m\u00e1kat, amely a service level t\u00f6rv\u00e9nyi el\u0151\u00edr\u00e1sok alatti szintre cs\u00f6kken\u00e9s\u00e9hez vezethetnek. &#8211; K\u00f6zm\u0171 szektor: Hasonl\u00f3an a telekommunik\u00e1ci\u00f3s szektorhoz a havaria esem\u00e9nyek\n                      a k\u00f6zm\u0171 szolg\u00e1ltat\u00e1sok eset\u00e9ben is t\u00f6meges kontaktus kezel\u00e9st ig\u00e9nyelnek. Kis kereskedelmi szektor: A lok\u00e1lis er\u0151forr\u00e1s probl\u00e9m\u00e1k mindennaposak a kiskereskedelmi szektorban, amelyek rendszeresen a kiszolg\u00e1l\u00e1s sz\u00ednvonal\u00e1nak cs\u00f6kken\u00e9s\u00e9hez\n                      vezet, ak\u00e1r oly m\u00f3don, hogy egyes term\u00e9kekb\u0151l \u00e1ruhi\u00e1ny alakulhat ki a polcokon, vagy n\u0151 a sorban \u00e1ll\u00e1s, a kiszolg\u00e1l\u00e1si id\u0151 A TcT WPCP rendszer v\u00e1rhat\u00f3 piaci ig\u00e9nye: A rendszer v\u00e1rhat\u00f3 piaci ig\u00e9nyeit k\u00e9t f\u0151 csoportra \u00e9rdemes osztani.\n                      Az egyik ilyen csoport a szolg\u00e1ltat\u00f3 szektor nagyv\u00e1llalatai. A c\u00e9lcsoport ezen v\u00e1llalkoz\u00e1sai szinte kiv\u00e9tel n\u00e9lk\u00fcl rendelkeznek valamilyen \u201ekatasztr\u00f3fa kezel\u00e9si\u201d tervvel, \u00edgy sz\u00e1mukra maga a rendszer c\u00e9lja \u00e9s \u00e9rtelme ismert. Ennek\n                      megfelel\u0151en v\u00e1rakoz\u00e1saink \u00e9s el\u0151zetes piaci felm\u00e9r\u00e9seink szerint sz\u00e9les k\u00f6rben v\u00e1rhat\u00f3 ig\u00e9ny a megold\u00e1s bevezet\u00e9s\u00e9re. A c\u00e9lcsoport nagys\u00e1ga 100-150 c\u00e9g Magyarorsz\u00e1gon \u00e9s n\u00e9h\u00e1ny ezer c\u00e9g a TcT csoport \u00e1ltal lefedett export piacokon.\n                      A m\u00e1sik csoport els\u0151sorban a cloud szerkezet\u0171 megold\u00e1st ig\u00e9nybe vev\u0151 KKV szektor, azon bel\u00fcl is els\u0151sorban annak fels\u0151 r\u00e9teget mag\u00e1ba foglal\u00f3 k\u00f6z\u00e9pv\u00e1llalati r\u00e9teg. Ennek sz\u00e1moss\u00e1ga Magyarorsz\u00e1gon n\u00e9h\u00e1ny 100 c\u00e9g, m\u00edg az export piacainkon\n                      t\u00f6bb ezer v\u00e1llalkoz\u00e1s.<\/p>\n                    <p>A TcT WPCP rendszert \u00fagy alak\u00edtjuk ki, hogy ig\u00e9ny szerint \u00f6n\u00e1ll\u00f3 funkcionalit\u00e1sk\u00e9nt is be\u00e9p\u00fclj\u00f6n az alkalmaz\u00f3 c\u00e9g v\u00e1llalati inform\u00e1ci\u00f3s rendszer\u00e9be, a hasznos\u00edt\u00e1st azonban term\u00e9szetesen els\u0151 k\u00f6rben abban az \u00fcgyf\u00e9lk\u00f6rben tervezz\u00fck,\n                      amelyet az elm\u00falt 25 \u00e9vben a TcT Hungary Kft. ki\u00e9p\u00edtett. A hasznos\u00edt\u00e1st el\u0151seg\u00edti, hogy ezen v\u00e1llalatok egy r\u00e9sz\u00e9t m\u00e1r a kutat\u00e1s szakaszban bevonjuk a projektbe, \u00edgy a projekt lez\u00e1r\u00e1s\u00e1t k\u00f6vet\u0151n pontos k\u00e9p\u00fck lesz a rendszer k\u00edn\u00e1lta\n                      lehet\u0151s\u00e9gekr\u0151l \u00e9s szolg\u00e1ltat\u00e1sokr\u00f3l. A hasznos\u00edt\u00e1s sor\u00e1n fontos szempont, hogy er\u0151s szinergi\u00e1t tudunk kialak\u00edtani a v\u00e1llalakoz\u00e1s megl\u00e9v\u0151 term\u00e9kportfoli\u00f3j\u00e1val.<\/p>\n                    <p>A projekt fizikai lez\u00e1r\u00e1sa 2020.06.29-\u00e9n, a tervezettnek megfelel\u0151en sikeresen megt\u00f6rt\u00e9nt.<\/p>\n                  <\/div>\n                <\/div>\n                <div data-colibri-id=\"615-c7\" class=\"h-row-container gutters-row-lg-2 gutters-row-md-2 gutters-row-0 gutters-row-v-lg-2 gutters-row-v-md-2 gutters-row-v-2 style-487 style-local-615-c7 position-relative\">\n                  <!---->\n                  <div class=\"h-row justify-content-lg-center justify-content-md-center justify-content-center align-items-lg-stretch align-items-md-stretch align-items-stretch gutters-col-lg-2 gutters-col-md-2 gutters-col-0 gutters-col-v-lg-2 gutters-col-v-md-2 gutters-col-v-2\">\n                    <!---->\n                    <div class=\"h-column h-column-container d-flex h-col-lg-auto h-col-md-auto h-col-auto style-488-outer style-local-615-c8-outer\">\n                      <div data-colibri-id=\"615-c8\" class=\"d-flex h-flex-basis h-column__inner h-px-lg-2 h-px-md-2 h-px-2 v-inner-lg-2 v-inner-md-2 v-inner-2 style-488 style-local-615-c8 position-relative\">\n                        <!---->\n                        <!---->\n                        <div class=\"w-100 h-y-container h-column__content h-column__v-align flex-basis-100 align-self-lg-start align-self-md-start align-self-start\">\n                          <!---->\n                          <div data-colibri-id=\"615-c9\" class=\"h-global-transition-all h-heading style-486 style-local-615-c9 position-relative h-element\">\n                            <!---->\n                            <div class=\"h-heading__outer style-486 style-local-615-c9\">\n                              <!---->\n                              <!---->\n                              <h5 class=\"\"><strong>Projekt azonos\u00edt\u00f3 sz\u00e1ma:<\/strong>\n                                <br>VEKOP-2.1.1-15-2016-00146<\/h5>\n                            <\/div>\n                          <\/div>\n                        <\/div>\n                      <\/div>\n                    <\/div>\n                    <div class=\"h-column h-column-container d-flex h-col-lg-auto h-col-md-auto h-col-auto style-489-outer style-local-615-c10-outer\">\n                      <div data-colibri-id=\"615-c10\" class=\"d-flex h-flex-basis h-column__inner h-px-lg-2 h-px-md-2 h-px-2 v-inner-lg-2 v-inner-md-2 v-inner-2 style-489 style-local-615-c10 position-relative\">\n                        <!---->\n                        <!---->\n                        <div class=\"w-100 h-y-container h-column__content h-column__v-align flex-basis-100 align-self-lg-start align-self-md-start align-self-start\">\n                          <!---->\n                          <div data-colibri-id=\"615-c11\" class=\"d-block style-490 style-local-615-c11 position-relative h-element\">\n                            <!---->\n                            <div class=\"h-image__frame-container-outer\">\n                              <div class=\"h-image__frame-container\">\n                                <!---->\n                                <!---->\n                                <img loading=\"lazy\" width=\"319\" height=\"224\" src=\"https:\/\/emaxa.hu\/wp-content\/uploads\/2020\/10\/infoblock_ERFA_hu.png\" class=\"wp-image-604 style-490-image style-local-615-c11-image\" srcset=\"https:\/\/emaxa.hu\/wp-content\/uploads\/2020\/10\/infoblock_ERFA_hu.png 319w, https:\/\/emaxa.hu\/wp-content\/uploads\/2020\/10\/infoblock_ERFA_hu-300x211.png 300w\" sizes=\"(max-width: 319px) 100vw, 319px\" alt=\"\" \/>\n                                <div class=\"h-image__frame h-hide-lg h-hide-md h-hide-sm style-490-frameImage style-local-615-c11-frameImage\"><\/div>\n                              <\/div>\n                            <\/div>\n                          <\/div>\n                        <\/div>\n                      <\/div>\n                    <\/div>\n                  <\/div>\n                <\/div>\n              <\/div>\n            <\/div>\n          <\/div>\n        <\/div>\n      <\/div>\n    <\/div>\n  <\/div>\n<\/div>","protected":false},"excerpt":{"rendered":"<p>A kedvezm\u00e9nyezett neve: EMAXA HUNGARY KERESKEDELMI \u00c9S SZOLG\u00c1LTAT\u00d3 KFT. A projekt c\u00edme: EMAXA WPCP (WORKLOAD PREDICTION AND CAPACITY PLANNING) RENDSZER FEJLESZT\u00c9SE A szerz\u0151d\u00f6tt t\u00e1mogat\u00e1s \u00f6sszege: 140,26 MILLI\u00d3 FORINT A projekt tartalm\u00e1nak bemutat\u00e1sa: A tervezett projekt olyan v\u00e1llalati probl\u00e9m\u00e1k megold\u00e1s\u00e1t c\u00e9lozza, amelyek nem kiz\u00e1r\u00f3lag a hazai v\u00e1llalkoz\u00e1sok saj\u00e1toss\u00e1ga, hanem b\u00e1rmely orsz\u00e1gban b\u00e1rmely v\u00e1llalat \u00fcgymenet\u00e9nek saj\u00e1toss\u00e1ga. Ennek [&hellip;]<\/p>\n","protected":false},"author":4,"featured_media":0,"parent":0,"menu_order":0,"comment_status":"closed","ping_status":"closed","template":"page-templates\/full-width-page.php","meta":{"kt_blocks_editor_width":""},"_links":{"self":[{"href":"https:\/\/emaxa.hu\/index.php\/wp-json\/wp\/v2\/pages\/615"}],"collection":[{"href":"https:\/\/emaxa.hu\/index.php\/wp-json\/wp\/v2\/pages"}],"about":[{"href":"https:\/\/emaxa.hu\/index.php\/wp-json\/wp\/v2\/types\/page"}],"author":[{"embeddable":true,"href":"https:\/\/emaxa.hu\/index.php\/wp-json\/wp\/v2\/users\/4"}],"replies":[{"embeddable":true,"href":"https:\/\/emaxa.hu\/index.php\/wp-json\/wp\/v2\/comments?post=615"}],"version-history":[{"count":4,"href":"https:\/\/emaxa.hu\/index.php\/wp-json\/wp\/v2\/pages\/615\/revisions"}],"predecessor-version":[{"id":656,"href":"https:\/\/emaxa.hu\/index.php\/wp-json\/wp\/v2\/pages\/615\/revisions\/656"}],"wp:attachment":[{"href":"https:\/\/emaxa.hu\/index.php\/wp-json\/wp\/v2\/media?parent=615"}],"curies":[{"name":"wp","href":"https:\/\/api.w.org\/{rel}","templated":true}]}}